{"id":928,"date":"2015-11-06T14:15:02","date_gmt":"2015-11-06T14:15:02","guid":{"rendered":"http:\/\/www.samuelito.ch\/wp\/en\/?page_id=928"},"modified":"2015-11-06T14:15:02","modified_gmt":"2015-11-06T14:15:02","slug":"reference-street","status":"publish","type":"page","link":"https:\/\/www.samuelito.ch\/en\/about\/reference-street\/","title":{"rendered":"Reference &#8211; street"},"content":{"rendered":"<h2><b>Street: Selection of performed festivals<\/b><\/h2>\n<p><b>Ascona (CH) &#8211; Artisti di Strada, Aurillac (F) &#8211; Festival du Th\u00e9\u00e0tre de Rue, Avignon (F) &#8211; Festival d&#8217;Avignon, Bern (CH) &#8211; Buskers Bern, Bremen (D) &#8211; La Strada, Koblenz (D), &#8211; Gauklerfestival, La Chaux-de-Fonds (CH) &#8211; La Plage des six Pompes, Landshut (D) &#8211; Stadtspektakel, Lausanne (CH) &#8211; Festival de la Cit\u00e9, Le Grand Bornand (F) &#8211; Au Bonheur des M\u00f4mes, Linz (A) &#8211; Pflasterspektakel, Montreux (CH) &#8211; Festival du Jazz, Neuch\u00e2tel (CH) &#8211; Buskers Festival, Nyon (CH) &#8211; Pal\u00e9o Festival, Penabilli (It) &#8211; Artisti in Piazza, Rotterdam (NL) &#8211; Straatfestival, Sestri Levante (It) &#8211; Andersen Festival, Shizuoka (J) &#8211; Daidogei World Cup, Skopje (Mac) &#8211; Busker Fest, St. Gallen (CH) &#8211; Aufgetischt,\u00a0Terschelling (NL) &#8211; Oerol Festival, Tula (Rus) &#8211; Street Theatre Festival, Vernasca (It) &#8211; Buscherdeis, Vlissingen (NL) &#8211; Perfect Pitch,\u00a0Wrozlaw, Krakow (P) &#8211; Busker Bus, Zagreb (Cro) &#8211; Cest is the best, and many more&#8230;<\/b><\/p>\n<h2><b>Honours<\/b><\/h2>\n<p><strong>Honoured at the following festivals: Lenzburg (4 times winner of the 1st prize), Vevey (3<strong>\u00a0times winner of the 1st prize<\/strong>), Sierre (3<strong>\u00a0times winner of the 1st prize<\/strong>), Rotterdam (1st\u00a0<strong><strong>prize<\/strong><\/strong>), Giessen (<strong>1st\u00a0<strong><strong>prize<\/strong><\/strong><\/strong>), Weinfelden (<strong>1st\u00a0<strong><strong>prize<\/strong><\/strong><\/strong>), Koblenz, Landshut, Zurich, Feldkirch.<\/strong><\/p>\n<p><a title=\"About\" href=\"http:\/\/www.samuelito.ch\/en\/about\/\"><strong>&lt; back<\/strong><\/a><\/p>\n","protected":false},"excerpt":{"rendered":"<p>Street: Selection of performed festivals Ascona (CH) &#8211; Artisti di Strada, Aurillac (F) &#8211; Festival du Th\u00e9\u00e0tre de Rue, Avignon (F) &#8211; Festival d&#8217;Avignon, Bern (CH) &#8211; Buskers Bern, Bremen (D) &#8211; La Strada, Koblenz (D), &#8211; Gauklerfestival, La Chaux-de-Fonds (CH) &#8211; La Plage des six Pompes, Landshut (D) &#8211; Stadtspektakel, Lausanne (CH) &#8211; Festival [&hellip;]<\/p>\n","protected":false},"author":3,"featured_media":0,"parent":909,"menu_order":0,"comment_status":"open","ping_status":"open","template":"","meta":{"_acf_changed":false,"footnotes":""},"class_list":["post-928","page","type-page","status-publish","hentry"],"acf":[],"_links":{"self":[{"href":"https:\/\/www.samuelito.ch\/en\/wp-json\/wp\/v2\/pages\/928\/"}],"collection":[{"href":"https:\/\/www.samuelito.ch\/en\/wp-json\/wp\/v2\/pages\/"}],"about":[{"href":"https:\/\/www.samuelito.ch\/en\/wp-json\/wp\/v2\/types\/page\/"}],"author":[{"embeddable":true,"href":"https:\/\/www.samuelito.ch\/en\/wp-json\/wp\/v2\/users\/3\/"}],"replies":[{"embeddable":true,"href":"https:\/\/www.samuelito.ch\/en\/wp-json\/wp\/v2\/comments\/?post=928"}],"version-history":[{"count":1,"href":"https:\/\/www.samuelito.ch\/en\/wp-json\/wp\/v2\/pages\/928\/revisions\/"}],"predecessor-version":[{"id":930,"href":"https:\/\/www.samuelito.ch\/en\/wp-json\/wp\/v2\/pages\/928\/revisions\/930\/"}],"up":[{"embeddable":true,"href":"https:\/\/www.samuelito.ch\/en\/wp-json\/wp\/v2\/pages\/909\/"}],"wp:attachment":[{"href":"https:\/\/www.samuelito.ch\/en\/wp-json\/wp\/v2\/media\/?parent=928"}],"curies":[{"name":"wp","href":"https:\/\/api.w.org\/{rel}","templated":true}]}}