{"id":880,"date":"2015-11-06T17:59:23","date_gmt":"2015-11-06T17:59:23","guid":{"rendered":"http:\/\/www.samuelito.ch\/wp\/es\/?page_id=880"},"modified":"2025-09-17T22:08:18","modified_gmt":"2025-09-17T22:08:18","slug":"calle","status":"publish","type":"page","link":"https:\/\/www.samuelito.ch\/es\/","title":{"rendered":"Show"},"content":{"rendered":"\n<figure class=\"wp-block-embed is-type-video is-provider-youtube wp-block-embed-youtube\"><div style=\"display: contents;\" >\n\n<div data-mode=\"normal\" data-oembed=\"1\" data-provider=\"youtube\" id=\"arve-youtube-iymqgvrr4cs\" class=\"arve\">\n\t<div class=\"arve-inner\">\n\t\t<div style=\"aspect-ratio:500\/281\" class=\"arve-embed arve-embed--has-aspect-ratio\">\n\t\t\t<div class=\"arve-ar\" style=\"padding-top:56.200000%\"><\/div>\n\t\t\t<iframe allow=\"accelerometer &apos;none&apos;;autoplay &apos;none&apos;;bluetooth &apos;none&apos;;browsing-topics &apos;none&apos;;camera &apos;none&apos;;clipboard-read &apos;none&apos;;clipboard-write;display-capture &apos;none&apos;;encrypted-media &apos;none&apos;;gamepad &apos;none&apos;;geolocation &apos;none&apos;;gyroscope &apos;none&apos;;hid &apos;none&apos;;identity-credentials-get &apos;none&apos;;idle-detection &apos;none&apos;;keyboard-map &apos;none&apos;;local-fonts;magnetometer &apos;none&apos;;microphone &apos;none&apos;;midi &apos;none&apos;;otp-credentials &apos;none&apos;;payment &apos;none&apos;;picture-in-picture;publickey-credentials-create &apos;none&apos;;publickey-credentials-get &apos;none&apos;;screen-wake-lock &apos;none&apos;;serial &apos;none&apos;;summarizer &apos;none&apos;;sync-xhr;usb &apos;none&apos;;web-share;window-management &apos;none&apos;;xr-spatial-tracking &apos;none&apos;;\" allowfullscreen=\"\" class=\"arve-iframe fitvidsignore\" credentialless data-arve=\"arve-youtube-iymqgvrr4cs\" data-lenis-prevent=\"\" data-src-no-ap=\"https:\/\/www.youtube.com\/embed\/IymqgVRR4Cs?feature=oembed&amp;iv_load_policy=3&amp;modestbranding=1&amp;rel=0&amp;autohide=1&amp;playsinline=0&amp;autoplay=0\" frameborder=\"0\" height=\"0\" loading=\"lazy\" name=\"\" referrerpolicy=\"strict-origin-when-cross-origin\" sandbox=\"allow-scripts allow-same-origin allow-presentation allow-popups allow-popups-to-escape-sandbox\" scrolling=\"no\" src=\"https:\/\/www.youtube.com\/embed\/IymqgVRR4Cs?feature=oembed&#038;iv_load_policy=3&#038;modestbranding=1&#038;rel=0&#038;autohide=1&#038;playsinline=0&#038;autoplay=0\" title=\"\" width=\"0\"><\/iframe>\n\t\t\t\n\t\t<\/div>\n\t\t\n\t<\/div>\n\t\n\t\n\t<script type=\"application\/ld+json\">{\"@context\":\"http:\\\/\\\/schema.org\\\/\",\"@id\":\"https:\\\/\\\/www.samuelito.ch\\\/es\\\/#arve-youtube-iymqgvrr4cs\",\"type\":\"VideoObject\",\"embedURL\":\"https:\\\/\\\/www.youtube.com\\\/embed\\\/IymqgVRR4Cs?feature=oembed&iv_load_policy=3&modestbranding=1&rel=0&autohide=1&playsinline=0&autoplay=0\"}<\/script>\n\t\n<\/div>\n<\/div><\/figure>\n\n\n<p style=\"font-weight: 400;\"><strong>En su nuevo programa \u201creacci\u00f3n en cadena\u201d, Samuelito construye uno para enviar dulces volando a su boca. Est\u00e1n salpicados con una honda, que se lanza mediante una bola que se desenrolla del hilo de una ca\u00f1a de pescar, puesta en movimiento por un perro que da volteretas, y que es activada por un ni\u00f1o del p\u00fablico que salta detr\u00e1s de una paleta cuando la maleta del artista El final lo escupe un tigre con dientes de sable, que salta a causa de un coche de juguete que se aleja porque dos personas del p\u00fablico se abrazan. Samuelito improvisa, como siempre, a m\u00e1s no poder. M\u00e1s interactivo, ca\u00f3tico e incre\u00edble, imposible.<\/strong><\/p>\n<p id=\"tw-target-text\" class=\"tw-data-text tw-text-large tw-ta\" dir=\"ltr\" data-placeholder=\"\u00dcbersetzung\" data-ved=\"2ahUKEwjnoubmt5uKAxVGhP0HHXxGNfEQ3ewLegQICxAV\" aria-label=\"\u00dcbersetzter Text: Samuelito toca en festivales de arte callejero, aniversarios de empresas, fiestas de barrio, bodas, reuniones generales, inauguraciones de puentes y tu evento.\"><strong><span class=\"Y2IQFc\" lang=\"es\">Samuelito toca en festivales de arte callejero, aniversarios de empresas, fiestas de barrio, bodas, reuniones generales, inauguraciones de puentes y tu evento.<\/span><\/strong><\/p>","protected":false},"excerpt":{"rendered":"<p>En su nuevo programa \u201creacci\u00f3n en cadena\u201d, Samuelito construye uno para enviar dulces volando a su boca. Est\u00e1n salpicados con una honda, que se lanza mediante una bola que se desenrolla del hilo de una ca\u00f1a de pescar, puesta en movimiento por un perro que da volteretas, y que es activada por un ni\u00f1o del [&hellip;]<\/p>\n","protected":false},"author":3,"featured_media":0,"parent":0,"menu_order":0,"comment_status":"open","ping_status":"open","template":"template-full-width.php","meta":{"_acf_changed":false,"footnotes":""},"class_list":["post-880","page","type-page","status-publish","hentry"],"acf":[],"_links":{"self":[{"href":"https:\/\/www.samuelito.ch\/es\/wp-json\/wp\/v2\/pages\/880\/"}],"collection":[{"href":"https:\/\/www.samuelito.ch\/es\/wp-json\/wp\/v2\/pages\/"}],"about":[{"href":"https:\/\/www.samuelito.ch\/es\/wp-json\/wp\/v2\/types\/page\/"}],"author":[{"embeddable":true,"href":"https:\/\/www.samuelito.ch\/es\/wp-json\/wp\/v2\/users\/3\/"}],"replies":[{"embeddable":true,"href":"https:\/\/www.samuelito.ch\/es\/wp-json\/wp\/v2\/comments\/?post=880"}],"version-history":[{"count":21,"href":"https:\/\/www.samuelito.ch\/es\/wp-json\/wp\/v2\/pages\/880\/revisions\/"}],"predecessor-version":[{"id":2918,"href":"https:\/\/www.samuelito.ch\/es\/wp-json\/wp\/v2\/pages\/880\/revisions\/2918\/"}],"wp:attachment":[{"href":"https:\/\/www.samuelito.ch\/es\/wp-json\/wp\/v2\/media\/?parent=880"}],"curies":[{"name":"wp","href":"https:\/\/api.w.org\/{rel}","templated":true}]}}