{"id":907,"date":"2015-11-06T14:06:38","date_gmt":"2015-11-06T14:06:38","guid":{"rendered":"http:\/\/www.samuelito.ch\/wp\/es\/?page_id=907"},"modified":"2017-01-06T22:36:47","modified_gmt":"2017-01-06T22:36:47","slug":"perfil","status":"publish","type":"page","link":"https:\/\/www.samuelito.ch\/es\/perfil\/","title":{"rendered":"Perfil"},"content":{"rendered":"<p><strong>M\u00e1s que 2000 actuaciones desde 1990 en Alemania, Austria, Brasil,\u00a0Chequia,\u00a0Croacia, Cuba, Escocia, Espa\u00f1a, Estonia, Francia, Holanda, Inglaterra, Italia, Jap\u00f3n, Liechtenstein, Luxemburgo, Macedonia, M\u00e9xico, Polonia, Ruman\u00eda, Rusia y Suiza. Actuaci\u00f3n en suizo-alem\u00e1n, alem\u00e1n, ingl\u00e9s, franc\u00e9s, espa\u00f1ol, italiano, un poco polaco, ruso y japon\u00e9s, as\u00ed como una mezcla de todos estos.<\/strong><\/p>\n<p><a title=\"Perfil \u2013 Calle\" href=\"http:\/\/www.samuelito.ch\/es\/perfil\/perfil-calle\/\"><b>&gt; Referencia calle<\/b><\/a><\/p>\n<p><a title=\"Perfil \u2013 Escena\" href=\"http:\/\/www.samuelito.ch\/es\/perfil\/perfil-escena\/\"><b>&gt; Referencia escena<\/b><\/a><\/p>\n<p><a title=\"Perfil \u2013 formaci\u00f3n\" href=\"http:\/\/www.samuelito.ch\/es\/perfil\/perfil-formacion\/\"><b>&gt; Referencia formaci\u00f3n<\/b><\/a><\/p>\n","protected":false},"excerpt":{"rendered":"<p>M\u00e1s que 2000 actuaciones desde 1990 en Alemania, Austria, Brasil,\u00a0Chequia,\u00a0Croacia, Cuba, Escocia, Espa\u00f1a, Estonia, Francia, Holanda, Inglaterra, Italia, Jap\u00f3n, Liechtenstein, Luxemburgo, Macedonia, M\u00e9xico, Polonia, Ruman\u00eda, Rusia y Suiza. Actuaci\u00f3n en suizo-alem\u00e1n, alem\u00e1n, ingl\u00e9s, franc\u00e9s, espa\u00f1ol, italiano, un poco polaco, ruso y japon\u00e9s, as\u00ed como una mezcla de todos estos. &gt; Referencia calle &gt; Referencia escena [&hellip;]<\/p>\n","protected":false},"author":3,"featured_media":0,"parent":0,"menu_order":0,"comment_status":"open","ping_status":"open","template":"template-full-width.php","meta":{"_acf_changed":false,"footnotes":""},"class_list":["post-907","page","type-page","status-publish","hentry"],"acf":[],"_links":{"self":[{"href":"https:\/\/www.samuelito.ch\/es\/wp-json\/wp\/v2\/pages\/907\/"}],"collection":[{"href":"https:\/\/www.samuelito.ch\/es\/wp-json\/wp\/v2\/pages\/"}],"about":[{"href":"https:\/\/www.samuelito.ch\/es\/wp-json\/wp\/v2\/types\/page\/"}],"author":[{"embeddable":true,"href":"https:\/\/www.samuelito.ch\/es\/wp-json\/wp\/v2\/users\/3\/"}],"replies":[{"embeddable":true,"href":"https:\/\/www.samuelito.ch\/es\/wp-json\/wp\/v2\/comments\/?post=907"}],"version-history":[{"count":5,"href":"https:\/\/www.samuelito.ch\/es\/wp-json\/wp\/v2\/pages\/907\/revisions\/"}],"predecessor-version":[{"id":1453,"href":"https:\/\/www.samuelito.ch\/es\/wp-json\/wp\/v2\/pages\/907\/revisions\/1453\/"}],"wp:attachment":[{"href":"https:\/\/www.samuelito.ch\/es\/wp-json\/wp\/v2\/media\/?parent=907"}],"curies":[{"name":"wp","href":"https:\/\/api.w.org\/{rel}","templated":true}]}}