{"id":911,"date":"2015-11-06T14:08:15","date_gmt":"2015-11-06T14:08:15","guid":{"rendered":"http:\/\/www.samuelito.ch\/wp\/fr\/?page_id=911"},"modified":"2017-01-06T22:37:13","modified_gmt":"2017-01-06T22:37:13","slug":"bio","status":"publish","type":"page","link":"https:\/\/www.samuelito.ch\/fr\/bio\/","title":{"rendered":"Bio"},"content":{"rendered":"<p><strong>Plus de 2000 repr\u00e9sentations depuis 1990 en Allemagne, en Angleterre, en Autriche, au Br\u00e9sil, en Croatie, \u00e0 Cuba, en \u00c9cosse, en Espagne, en Estonie, en France, en Italie, au Japon, au Liechtenstein, au Luxembourg, en Mac\u00e9doine, au Mexique, aux Pays-Bas, en Pologne, en\u00a0R\u00e9publique tch\u00e8que, en en\u00a0Roumanie, en Russie et en Suisse. Repr\u00e9sentations en suisse-allemand, allemand, anglais, fran\u00e7ais, espagnol, italien, un brin de polonais, de russe et de japonais, et encore un m\u00e9lange du tout.<\/strong><\/p>\n<p><a title=\"Bio \u2013 Rue\" href=\"http:\/\/www.samuelito.ch\/fr\/bio\/bio-rue\/\"><b>&gt; R\u00e9f\u00e9rences Rue<\/b><\/a><\/p>\n<p><a title=\"Bio \u2013 Sc\u00e8ne\" href=\"http:\/\/www.samuelito.ch\/fr\/bio\/bio-scene\/\"><b>&gt; R\u00e9f\u00e9rences Sc\u00e8ne<\/b><\/a><b><\/b><\/p>\n<p><a title=\"Bio \u2013 Formation\" href=\"http:\/\/www.samuelito.ch\/fr\/bio\/bio-formation\/\"><b>&gt; R\u00e9f\u00e9rences Formation<\/b><\/a><\/p>\n","protected":false},"excerpt":{"rendered":"<p>Plus de 2000 repr\u00e9sentations depuis 1990 en Allemagne, en Angleterre, en Autriche, au Br\u00e9sil, en Croatie, \u00e0 Cuba, en \u00c9cosse, en Espagne, en Estonie, en France, en Italie, au Japon, au Liechtenstein, au Luxembourg, en Mac\u00e9doine, au Mexique, aux Pays-Bas, en Pologne, en\u00a0R\u00e9publique tch\u00e8que, en en\u00a0Roumanie, en Russie et en Suisse. Repr\u00e9sentations en suisse-allemand, allemand, [&hellip;]<\/p>\n","protected":false},"author":3,"featured_media":0,"parent":0,"menu_order":0,"comment_status":"open","ping_status":"open","template":"template-full-width.php","meta":{"_acf_changed":false,"footnotes":""},"class_list":["post-911","page","type-page","status-publish","hentry"],"acf":[],"_links":{"self":[{"href":"https:\/\/www.samuelito.ch\/fr\/wp-json\/wp\/v2\/pages\/911\/"}],"collection":[{"href":"https:\/\/www.samuelito.ch\/fr\/wp-json\/wp\/v2\/pages\/"}],"about":[{"href":"https:\/\/www.samuelito.ch\/fr\/wp-json\/wp\/v2\/types\/page\/"}],"author":[{"embeddable":true,"href":"https:\/\/www.samuelito.ch\/fr\/wp-json\/wp\/v2\/users\/3\/"}],"replies":[{"embeddable":true,"href":"https:\/\/www.samuelito.ch\/fr\/wp-json\/wp\/v2\/comments\/?post=911"}],"version-history":[{"count":5,"href":"https:\/\/www.samuelito.ch\/fr\/wp-json\/wp\/v2\/pages\/911\/revisions\/"}],"predecessor-version":[{"id":1454,"href":"https:\/\/www.samuelito.ch\/fr\/wp-json\/wp\/v2\/pages\/911\/revisions\/1454\/"}],"wp:attachment":[{"href":"https:\/\/www.samuelito.ch\/fr\/wp-json\/wp\/v2\/media\/?parent=911"}],"curies":[{"name":"wp","href":"https:\/\/api.w.org\/{rel}","templated":true}]}}