{"id":931,"date":"2015-11-06T14:16:14","date_gmt":"2015-11-06T14:16:14","guid":{"rendered":"http:\/\/www.samuelito.ch\/wp\/fr\/?page_id=931"},"modified":"2023-12-15T20:50:29","modified_gmt":"2023-12-15T20:50:29","slug":"bio-formation","status":"publish","type":"page","link":"https:\/\/www.samuelito.ch\/fr\/bio\/bio-formation\/","title":{"rendered":"Bio &#8211; Formation"},"content":{"rendered":"<h2>Formation<\/h2>\n<p><strong>Formation de base\u2028 :<\/strong><br \/>\n<strong> Plus de 30 ann\u00e9es d&rsquo;exp\u00e9rience sc\u00e9nique<\/strong><\/p>\n<p><span style=\"line-height: 1.5em;\"><strong>Formation continue\u00a0:<\/strong><br \/>\n<\/span><strong>Thomas Scheidegger (Mme Bisseger &amp; Co., Zurich),\u00a0<\/strong><strong>Philippe Gaulier (Ecole Philippe Gaulier, Londres),\u00a0<\/strong><strong>Marcel Joller (Lufthunde, Zurich),\u00a0<\/strong><strong>Albi Brunner (Comart, Zurich)<\/strong><\/p>\n<p><a title=\"Bio\" href=\"http:\/\/www.samuelito.ch\/fr\/bio\/\"><strong>&lt; retour<\/strong><\/a><\/p>\n","protected":false},"excerpt":{"rendered":"<p>Formation Formation de base\u2028 : Plus de 30 ann\u00e9es d&rsquo;exp\u00e9rience sc\u00e9nique Formation continue\u00a0: Thomas Scheidegger (Mme Bisseger &amp; Co., Zurich),\u00a0Philippe Gaulier (Ecole Philippe Gaulier, Londres),\u00a0Marcel Joller (Lufthunde, Zurich),\u00a0Albi Brunner (Comart, Zurich) &lt; retour<\/p>\n","protected":false},"author":3,"featured_media":0,"parent":911,"menu_order":0,"comment_status":"open","ping_status":"open","template":"","meta":{"_acf_changed":false,"footnotes":""},"class_list":["post-931","page","type-page","status-publish","hentry"],"acf":[],"_links":{"self":[{"href":"https:\/\/www.samuelito.ch\/fr\/wp-json\/wp\/v2\/pages\/931\/"}],"collection":[{"href":"https:\/\/www.samuelito.ch\/fr\/wp-json\/wp\/v2\/pages\/"}],"about":[{"href":"https:\/\/www.samuelito.ch\/fr\/wp-json\/wp\/v2\/types\/page\/"}],"author":[{"embeddable":true,"href":"https:\/\/www.samuelito.ch\/fr\/wp-json\/wp\/v2\/users\/3\/"}],"replies":[{"embeddable":true,"href":"https:\/\/www.samuelito.ch\/fr\/wp-json\/wp\/v2\/comments\/?post=931"}],"version-history":[{"count":2,"href":"https:\/\/www.samuelito.ch\/fr\/wp-json\/wp\/v2\/pages\/931\/revisions\/"}],"predecessor-version":[{"id":2575,"href":"https:\/\/www.samuelito.ch\/fr\/wp-json\/wp\/v2\/pages\/931\/revisions\/2575\/"}],"up":[{"embeddable":true,"href":"https:\/\/www.samuelito.ch\/fr\/wp-json\/wp\/v2\/pages\/911\/"}],"wp:attachment":[{"href":"https:\/\/www.samuelito.ch\/fr\/wp-json\/wp\/v2\/media\/?parent=931"}],"curies":[{"name":"wp","href":"https:\/\/api.w.org\/{rel}","templated":true}]}}