{"id":934,"date":"2015-11-06T14:16:55","date_gmt":"2015-11-06T14:16:55","guid":{"rendered":"http:\/\/www.samuelito.ch\/wp\/fr\/?page_id=934"},"modified":"2015-11-06T14:16:55","modified_gmt":"2015-11-06T14:16:55","slug":"bio-rue","status":"publish","type":"page","link":"https:\/\/www.samuelito.ch\/fr\/bio\/bio-rue\/","title":{"rendered":"Bio &#8211; Rue"},"content":{"rendered":"<h2><b>Rue\u00a0: s\u00e9lection de productions dans des festivals<\/b><b><\/b><\/h2>\n<p><b>Ascona (CH) &#8211; Artisti di Strada, Aurillac (F) &#8211; Festival du Th\u00e9\u00e0tre de Rue, Avignon (F) &#8211; Festival d&rsquo;Avignon, Bern (CH) &#8211; Buskers Bern, Bremen (D) &#8211; La Strada, Koblenz (D), &#8211; Gauklerfestival, La Chaux-de-Fonds (CH) &#8211; La Plage des six Pompes, Landshut (D) &#8211; Stadtspektakel, Lausanne (CH) &#8211; Festival de la Cit\u00e9, Le Grand Bornand (F) &#8211; Au Bonheur des M\u00f4mes, Linz (A) &#8211; Pflasterspektakel, Montreux (CH) &#8211; Festival du Jazz, Neuch\u00e2tel (CH) &#8211; Buskers Festival, Nyon (CH) &#8211; Pal\u00e9o Festival, Penabilli (It) &#8211; Artisti in Piazza, Rotterdam (NL) &#8211; Straatfestival, Sestri Levante (It) &#8211; Andersen Festival, Shizuoka (J) &#8211; Daidogei World Cup, Skopje (Mac) &#8211; Busker Fest, St. Gallen (CH) &#8211; Aufgetischt,\u00a0Terschelling (NL) &#8211; Oerol Festival, Tula (Rus) &#8211; Street Theatre Festival, Vernasca (It) &#8211; Buscherdeis, Vlissingen (NL) &#8211; Perfect Pitch,\u00a0Wrozlaw, Krakow (P) &#8211; Busker Bus, Zagreb (Cro) &#8211; Cest is the best, et beaucoup plus&#8230;<\/b><\/p>\n<h2><b>Prix<\/b><\/h2>\n<p><strong>Laur\u00e9ats aux festivals ci-dessous\u00a0:\u00a0Lenzburg (1er\u00a0Prix \u00e0 4 reprises), Vevey (<strong>1er\u00a0Prix \u00e0 3 reprises<\/strong>), Sierre (<strong>1er\u00a0Prix \u00e0 3 reprises<\/strong>), Rotterdam (<strong><strong>1er\u00a0Prix<\/strong><\/strong>), Giessen (<strong><strong>1er\u00a0Prix<\/strong><\/strong>), Weinfelden (<strong><strong>1er\u00a0Prix<\/strong><\/strong>), Koblenz, Landshut, Z\u00fcrich, Feldkirch.<\/strong><\/p>\n<p><a title=\"Bio\" href=\"http:\/\/www.samuelito.ch\/fr\/bio\/\"><strong>&lt; retour<\/strong><\/a><b><\/b><\/p>\n","protected":false},"excerpt":{"rendered":"<p>Rue\u00a0: s\u00e9lection de productions dans des festivals Ascona (CH) &#8211; Artisti di Strada, Aurillac (F) &#8211; Festival du Th\u00e9\u00e0tre de Rue, Avignon (F) &#8211; Festival d&rsquo;Avignon, Bern (CH) &#8211; Buskers Bern, Bremen (D) &#8211; La Strada, Koblenz (D), &#8211; Gauklerfestival, La Chaux-de-Fonds (CH) &#8211; La Plage des six Pompes, Landshut (D) &#8211; Stadtspektakel, Lausanne (CH) [&hellip;]<\/p>\n","protected":false},"author":3,"featured_media":0,"parent":911,"menu_order":0,"comment_status":"open","ping_status":"open","template":"","meta":{"_acf_changed":false,"footnotes":""},"class_list":["post-934","page","type-page","status-publish","hentry"],"acf":[],"_links":{"self":[{"href":"https:\/\/www.samuelito.ch\/fr\/wp-json\/wp\/v2\/pages\/934\/"}],"collection":[{"href":"https:\/\/www.samuelito.ch\/fr\/wp-json\/wp\/v2\/pages\/"}],"about":[{"href":"https:\/\/www.samuelito.ch\/fr\/wp-json\/wp\/v2\/types\/page\/"}],"author":[{"embeddable":true,"href":"https:\/\/www.samuelito.ch\/fr\/wp-json\/wp\/v2\/users\/3\/"}],"replies":[{"embeddable":true,"href":"https:\/\/www.samuelito.ch\/fr\/wp-json\/wp\/v2\/comments\/?post=934"}],"version-history":[{"count":1,"href":"https:\/\/www.samuelito.ch\/fr\/wp-json\/wp\/v2\/pages\/934\/revisions\/"}],"predecessor-version":[{"id":936,"href":"https:\/\/www.samuelito.ch\/fr\/wp-json\/wp\/v2\/pages\/934\/revisions\/936\/"}],"up":[{"embeddable":true,"href":"https:\/\/www.samuelito.ch\/fr\/wp-json\/wp\/v2\/pages\/911\/"}],"wp:attachment":[{"href":"https:\/\/www.samuelito.ch\/fr\/wp-json\/wp\/v2\/media\/?parent=934"}],"curies":[{"name":"wp","href":"https:\/\/api.w.org\/{rel}","templated":true}]}}